{"id":27,"date":"2023-08-21T12:22:22","date_gmt":"2023-08-21T10:22:22","guid":{"rendered":"http:\/\/joullain.com\/?page_id=27"},"modified":"2024-02-12T21:51:04","modified_gmt":"2024-02-12T20:51:04","slug":"accueilcj","status":"publish","type":"page","link":"https:\/\/joullain.com\/","title":{"rendered":"C\u00e9cile Joullain"},"content":{"rendered":"\n<p>C\u00e9cile JOULLAIN est titulaire d\u2019une maitrise de droit des affaires (Universit\u00e9 PARIS I \u2013 PANTHEON SORBONNE) et d\u2019un DESS de droit du patrimoine (Paris XI \u2013 SCEAUX)<\/p>\n\n\n\n<p>Avocat au Barreau de PARIS depuis 2002, C\u00e9cile JOULLAIN b\u00e9n\u00e9ficie de plus de 20 ans d\u2019exp\u00e9rience, acquise au sein de cabinets parisiens r\u00e9put\u00e9s et sp\u00e9cialistes du droit immobilier et du droit de la copropri\u00e9t\u00e9.<\/p>\n\n\n\n<p>En 2023, C\u00e9cile JOULLAIN a ouvert un cabinet secondaire aupr\u00e8s du Barreau de la Haute-Marne en vue de r\u00e9pondre aux besoins juridiques et judiciaires des diff\u00e9rents acteurs de l\u2019immobilier de la R\u00e9gion Grand Est situ\u00e9s notamment dans les villes de Chaumont, Dijon, Troyes, Besan\u00e7on, Langres, Bar-le-Duc, Epinal, Vesoul, Saint-Dizier.<\/p>\n\n\n\n<p>Son expertise s\u2019adresse essentiellement aux Syndicat des copropri\u00e9taires, syndics de copropri\u00e9t\u00e9, administrateurs de biens, promoteurs immobiliers, entreprises du b\u00e2timent mais \u00e9galement copropri\u00e9taires, propri\u00e9taires bailleurs et locataires. Elle tient \u00e0 se concentrer exclusivement sur ces mati\u00e8res juridiques.<\/p>\n\n\n\n<p>C\u00e9cile JOULLAIN conseille et accompagne essentiellement les Syndicats de copropri\u00e9taires, syndics de copropri\u00e9t\u00e9, administrateurs de biens, promoteurs immobiliers et entreprises du b\u00e2timent.&nbsp;<\/p>\n","protected":false},"excerpt":{"rendered":"<p>C\u00e9cile JOULLAIN est titulaire d\u2019une maitrise de droit des affaires (Universit\u00e9 PARIS I \u2013 PANTHEON SORBONNE) et d\u2019un DESS de droit du patrimoine (Paris XI \u2013 SCEAUX) Avocat au Barreau de PARIS depuis 2002, C\u00e9cile JOULLAIN b\u00e9n\u00e9ficie de plus de 20 ans d\u2019exp\u00e9rience, acquise au sein de cabinets parisiens r\u00e9put\u00e9s et sp\u00e9cialistes du droit immobilier &hellip; <\/p>\n<p class=\"link-more\"><a href=\"https:\/\/joullain.com\/\" class=\"more-link\">Continuer la lecture<span class=\"screen-reader-text\"> de &laquo;&nbsp;C\u00e9cile Joullain&nbsp;&raquo;<\/span><\/a><\/p>\n","protected":false},"author":2,"featured_media":651,"parent":0,"menu_order":0,"comment_status":"closed","ping_status":"closed","template":"","meta":{"footnotes":""},"class_list":["post-27","page","type-page","status-publish","has-post-thumbnail","hentry"],"_links":{"self":[{"href":"https:\/\/joullain.com\/index.php\/wp-json\/wp\/v2\/pages\/27","targetHints":{"allow":["GET"]}}],"collection":[{"href":"https:\/\/joullain.com\/index.php\/wp-json\/wp\/v2\/pages"}],"about":[{"href":"https:\/\/joullain.com\/index.php\/wp-json\/wp\/v2\/types\/page"}],"author":[{"embeddable":true,"href":"https:\/\/joullain.com\/index.php\/wp-json\/wp\/v2\/users\/2"}],"replies":[{"embeddable":true,"href":"https:\/\/joullain.com\/index.php\/wp-json\/wp\/v2\/comments?post=27"}],"version-history":[{"count":22,"href":"https:\/\/joullain.com\/index.php\/wp-json\/wp\/v2\/pages\/27\/revisions"}],"predecessor-version":[{"id":662,"href":"https:\/\/joullain.com\/index.php\/wp-json\/wp\/v2\/pages\/27\/revisions\/662"}],"wp:featuredmedia":[{"embeddable":true,"href":"https:\/\/joullain.com\/index.php\/wp-json\/wp\/v2\/media\/651"}],"wp:attachment":[{"href":"https:\/\/joullain.com\/index.php\/wp-json\/wp\/v2\/media?parent=27"}],"curies":[{"name":"wp","href":"https:\/\/api.w.org\/{rel}","templated":true}]}}