{"id":28,"date":"2024-02-11T20:21:23","date_gmt":"2024-02-11T19:21:23","guid":{"rendered":"http:\/\/joullain.com\/?page_id=28"},"modified":"2024-02-11T20:21:23","modified_gmt":"2024-02-11T19:21:23","slug":"a-propos-de","status":"publish","type":"page","link":"https:\/\/joullain.com\/index.php\/a-propos-de\/","title":{"rendered":"Comp\u00e9tences"},"content":{"rendered":"\n<p>Ma\u00eetre C\u00e9cile JOULLAIN intervient notamment en droit :<\/p>\n\n\n\n<div class=\"wp-block-columns is-layout-flex wp-container-core-columns-is-layout-9d6595d7 wp-block-columns-is-layout-flex\">\n<div class=\"wp-block-column is-layout-flow wp-block-column-is-layout-flow\">\n<h2 class=\"wp-block-heading has-medium-font-size\">de la Copropri\u00e9t\u00e9<\/h2>\n\n\n\n<ul class=\"wp-block-list\">\n<li>contentieux relatif aux contestations d\u2019assembl\u00e9es g\u00e9n\u00e9rales,<\/li>\n\n\n\n<li>succession de syndic de copropri\u00e9t\u00e9 (article 18-2),<\/li>\n\n\n\n<li>litige entre copropri\u00e9taires, travaux irr\u00e9guliers, troubles de voisinage,<\/li>\n\n\n\n<li>recouvrement de charges de copropri\u00e9t\u00e9,<\/li>\n\n\n\n<li>responsabilit\u00e9 du syndicat des copropri\u00e9taires,<\/li>\n\n\n\n<li> responsabilit\u00e9 du syndic,<\/li>\n\n\n\n<li>harmonisation des statuts d\u2019AFUL, ASL, <\/li>\n\n\n\n<li>mise \u00e0 jour des r\u00e8glements de copropri\u00e9t\u00e9,<\/li>\n\n\n\n<li>r\u00e9daction d\u2019ordre du jour d\u2019assembl\u00e9es g\u00e9n\u00e9rales,<\/li>\n\n\n\n<li>sur\u00e9l\u00e9vation de lots de copropri\u00e9t\u00e9,<\/li>\n\n\n\n<li>cession de parties communes,<\/li>\n\n\n\n<li>expertise judiciaire, d\u00e9sordres de construction,<\/li>\n\n\n\n<li>locations saisonni\u00e8res de courtes dur\u00e9es (type airbnb),<\/li>\n\n\n\n<li>proc\u00e9dure de saisies immobili\u00e8res.<\/li>\n<\/ul>\n<\/div>\n\n\n\n<div class=\"wp-block-column is-layout-flow wp-block-column-is-layout-flow\">\n<h2 class=\"wp-block-heading has-medium-font-size\">des Baux<\/h2>\n\n\n\n<ul class=\"wp-block-list\">\n<li>r\u00e9daction de contrat de bail,<\/li>\n\n\n\n<li> recouvrement de loyers impay\u00e9s,<\/li>\n\n\n\n<li>proc\u00e9dure d\u2019expulsion,<\/li>\n\n\n\n<li>d\u00e9livrance de cong\u00e9s,<\/li>\n\n\n\n<li>renouvellement de bail et fixation d\u2019un nouveau loyer.<\/li>\n<\/ul>\n\n\n\n<h2 class=\"wp-block-heading has-medium-font-size\">de la Construction<\/h2>\n\n\n\n<ul class=\"wp-block-list\">\n<li>r\u00e9f\u00e9r\u00e9-pr\u00e9ventif,<\/li>\n\n\n\n<li>expertises judiciaires,<\/li>\n\n\n\n<li>march\u00e9s de travaux.<\/li>\n<\/ul>\n<\/div>\n<\/div>\n","protected":false},"excerpt":{"rendered":"<p>Ma\u00eetre C\u00e9cile JOULLAIN intervient notamment en droit : de la Copropri\u00e9t\u00e9 des Baux de la Construction<\/p>\n","protected":false},"author":2,"featured_media":364,"parent":0,"menu_order":0,"comment_status":"closed","ping_status":"closed","template":"","meta":{"footnotes":""},"class_list":["post-28","page","type-page","status-publish","has-post-thumbnail","hentry"],"_links":{"self":[{"href":"https:\/\/joullain.com\/index.php\/wp-json\/wp\/v2\/pages\/28","targetHints":{"allow":["GET"]}}],"collection":[{"href":"https:\/\/joullain.com\/index.php\/wp-json\/wp\/v2\/pages"}],"about":[{"href":"https:\/\/joullain.com\/index.php\/wp-json\/wp\/v2\/types\/page"}],"author":[{"embeddable":true,"href":"https:\/\/joullain.com\/index.php\/wp-json\/wp\/v2\/users\/2"}],"replies":[{"embeddable":true,"href":"https:\/\/joullain.com\/index.php\/wp-json\/wp\/v2\/comments?post=28"}],"version-history":[{"count":11,"href":"https:\/\/joullain.com\/index.php\/wp-json\/wp\/v2\/pages\/28\/revisions"}],"predecessor-version":[{"id":631,"href":"https:\/\/joullain.com\/index.php\/wp-json\/wp\/v2\/pages\/28\/revisions\/631"}],"wp:featuredmedia":[{"embeddable":true,"href":"https:\/\/joullain.com\/index.php\/wp-json\/wp\/v2\/media\/364"}],"wp:attachment":[{"href":"https:\/\/joullain.com\/index.php\/wp-json\/wp\/v2\/media?parent=28"}],"curies":[{"name":"wp","href":"https:\/\/api.w.org\/{rel}","templated":true}]}}